{"id":1447,"date":"2022-11-15T17:51:50","date_gmt":"2022-11-15T17:51:50","guid":{"rendered":"https:\/\/ref-avocats.com\/?page_id=1447"},"modified":"2023-05-10T16:14:27","modified_gmt":"2023-05-10T16:14:27","slug":"contact","status":"publish","type":"page","link":"https:\/\/ref-avocats.com\/fr\/contact\/","title":{"rendered":"Contact"},"content":{"rendered":"","protected":false},"excerpt":{"rendered":"","protected":false},"author":3,"featured_media":0,"parent":0,"menu_order":0,"comment_status":"closed","ping_status":"closed","template":"contact.php","meta":{"_monsterinsights_skip_tracking":false,"_monsterinsights_sitenote_active":false,"_monsterinsights_sitenote_note":"","_monsterinsights_sitenote_category":0,"footnotes":""},"class_list":["post-1447","page","type-page","status-publish","hentry"],"acf":[],"yoast_head":"<!-- This site is optimized with the Yoast SEO plugin v21.3 - https:\/\/yoast.com\/wordpress\/plugins\/seo\/ -->\n<title>Contact - Rondot Eych\u00e8ne Fr\u00e9minville<\/title>\n<meta name=\"description\" content=\"Notre \u00e9quipe se tient \u00e0 vos c\u00f4t\u00e9s pour vous d\u00e9fendre dans les contentieux de la vie des affaires. Contactez-nous.\" \/>\n<meta name=\"robots\" content=\"index, follow, max-snippet:-1, max-image-preview:large, max-video-preview:-1\" \/>\n<link rel=\"canonical\" href=\"https:\/\/ref-avocats.com\/fr\/contact\/\" \/>\n<meta property=\"og:locale\" content=\"fr_FR\" \/>\n<meta property=\"og:type\" content=\"article\" \/>\n<meta property=\"og:title\" content=\"Contact - Rondot Eych\u00e8ne Fr\u00e9minville\" \/>\n<meta property=\"og:description\" content=\"Notre \u00e9quipe se tient \u00e0 vos c\u00f4t\u00e9s pour vous d\u00e9fendre dans les contentieux de la vie des affaires. Contactez-nous.\" \/>\n<meta property=\"og:url\" content=\"https:\/\/ref-avocats.com\/fr\/contact\/\" \/>\n<meta property=\"og:site_name\" content=\"Rondot Eych\u00e8ne Fr\u00e9minville\" \/>\n<meta property=\"article:modified_time\" content=\"2023-05-10T16:14:27+00:00\" \/>\n<meta name=\"twitter:card\" content=\"summary_large_image\" \/>\n<script type=\"application\/ld+json\" class=\"yoast-schema-graph\">{\"@context\":\"https:\/\/schema.org\",\"@graph\":[{\"@type\":\"WebPage\",\"@id\":\"https:\/\/ref-avocats.com\/fr\/contact\/\",\"url\":\"https:\/\/ref-avocats.com\/fr\/contact\/\",\"name\":\"Contact - Rondot Eych\u00e8ne Fr\u00e9minville\",\"isPartOf\":{\"@id\":\"https:\/\/ref-avocats.com\/fr\/#website\"},\"datePublished\":\"2022-11-15T17:51:50+00:00\",\"dateModified\":\"2023-05-10T16:14:27+00:00\",\"description\":\"Notre \u00e9quipe se tient \u00e0 vos c\u00f4t\u00e9s pour vous d\u00e9fendre dans les contentieux de la vie des affaires. Contactez-nous.\",\"breadcrumb\":{\"@id\":\"https:\/\/ref-avocats.com\/fr\/contact\/#breadcrumb\"},\"inLanguage\":\"fr-FR\",\"potentialAction\":[{\"@type\":\"ReadAction\",\"target\":[\"https:\/\/ref-avocats.com\/fr\/contact\/\"]}]},{\"@type\":\"BreadcrumbList\",\"@id\":\"https:\/\/ref-avocats.com\/fr\/contact\/#breadcrumb\",\"itemListElement\":[{\"@type\":\"ListItem\",\"position\":1,\"name\":\"Accueil\",\"item\":\"https:\/\/ref-avocats.com\/fr\/\"},{\"@type\":\"ListItem\",\"position\":2,\"name\":\"Contact\"}]},{\"@type\":\"WebSite\",\"@id\":\"https:\/\/ref-avocats.com\/fr\/#website\",\"url\":\"https:\/\/ref-avocats.com\/fr\/\",\"name\":\"Rondot Eych\u00e8ne Fr\u00e9minville\",\"description\":\"Avocats ind\u00e9pendants en contentieux des affaires\",\"potentialAction\":[{\"@type\":\"SearchAction\",\"target\":{\"@type\":\"EntryPoint\",\"urlTemplate\":\"https:\/\/ref-avocats.com\/fr\/?s={search_term_string}\"},\"query-input\":\"required name=search_term_string\"}],\"inLanguage\":\"fr-FR\"}]}<\/script>\n<!-- \/ Yoast SEO plugin. -->","yoast_head_json":{"title":"Contact - Rondot Eych\u00e8ne Fr\u00e9minville","description":"Notre \u00e9quipe se tient \u00e0 vos c\u00f4t\u00e9s pour vous d\u00e9fendre dans les contentieux de la vie des affaires. Contactez-nous.","robots":{"index":"index","follow":"follow","max-snippet":"max-snippet:-1","max-image-preview":"max-image-preview:large","max-video-preview":"max-video-preview:-1"},"canonical":"https:\/\/ref-avocats.com\/fr\/contact\/","og_locale":"fr_FR","og_type":"article","og_title":"Contact - Rondot Eych\u00e8ne Fr\u00e9minville","og_description":"Notre \u00e9quipe se tient \u00e0 vos c\u00f4t\u00e9s pour vous d\u00e9fendre dans les contentieux de la vie des affaires. Contactez-nous.","og_url":"https:\/\/ref-avocats.com\/fr\/contact\/","og_site_name":"Rondot Eych\u00e8ne Fr\u00e9minville","article_modified_time":"2023-05-10T16:14:27+00:00","twitter_card":"summary_large_image","schema":{"@context":"https:\/\/schema.org","@graph":[{"@type":"WebPage","@id":"https:\/\/ref-avocats.com\/fr\/contact\/","url":"https:\/\/ref-avocats.com\/fr\/contact\/","name":"Contact - Rondot Eych\u00e8ne Fr\u00e9minville","isPartOf":{"@id":"https:\/\/ref-avocats.com\/fr\/#website"},"datePublished":"2022-11-15T17:51:50+00:00","dateModified":"2023-05-10T16:14:27+00:00","description":"Notre \u00e9quipe se tient \u00e0 vos c\u00f4t\u00e9s pour vous d\u00e9fendre dans les contentieux de la vie des affaires. Contactez-nous.","breadcrumb":{"@id":"https:\/\/ref-avocats.com\/fr\/contact\/#breadcrumb"},"inLanguage":"fr-FR","potentialAction":[{"@type":"ReadAction","target":["https:\/\/ref-avocats.com\/fr\/contact\/"]}]},{"@type":"BreadcrumbList","@id":"https:\/\/ref-avocats.com\/fr\/contact\/#breadcrumb","itemListElement":[{"@type":"ListItem","position":1,"name":"Accueil","item":"https:\/\/ref-avocats.com\/fr\/"},{"@type":"ListItem","position":2,"name":"Contact"}]},{"@type":"WebSite","@id":"https:\/\/ref-avocats.com\/fr\/#website","url":"https:\/\/ref-avocats.com\/fr\/","name":"Rondot Eych\u00e8ne Fr\u00e9minville","description":"Avocats ind\u00e9pendants en contentieux des affaires","potentialAction":[{"@type":"SearchAction","target":{"@type":"EntryPoint","urlTemplate":"https:\/\/ref-avocats.com\/fr\/?s={search_term_string}"},"query-input":"required name=search_term_string"}],"inLanguage":"fr-FR"}]}},"_links":{"self":[{"href":"https:\/\/ref-avocats.com\/fr\/wp-json\/wp\/v2\/pages\/1447","targetHints":{"allow":["GET"]}}],"collection":[{"href":"https:\/\/ref-avocats.com\/fr\/wp-json\/wp\/v2\/pages"}],"about":[{"href":"https:\/\/ref-avocats.com\/fr\/wp-json\/wp\/v2\/types\/page"}],"author":[{"embeddable":true,"href":"https:\/\/ref-avocats.com\/fr\/wp-json\/wp\/v2\/users\/3"}],"replies":[{"embeddable":true,"href":"https:\/\/ref-avocats.com\/fr\/wp-json\/wp\/v2\/comments?post=1447"}],"version-history":[{"count":1,"href":"https:\/\/ref-avocats.com\/fr\/wp-json\/wp\/v2\/pages\/1447\/revisions"}],"predecessor-version":[{"id":1448,"href":"https:\/\/ref-avocats.com\/fr\/wp-json\/wp\/v2\/pages\/1447\/revisions\/1448"}],"wp:attachment":[{"href":"https:\/\/ref-avocats.com\/fr\/wp-json\/wp\/v2\/media?parent=1447"}],"curies":[{"name":"wp","href":"https:\/\/api.w.org\/{rel}","templated":true}]}}