{"id":218,"date":"2020-02-29T18:30:36","date_gmt":"2020-02-29T18:30:36","guid":{"rendered":"https:\/\/ref-avocats.com\/actualites\/"},"modified":"2023-10-10T16:52:48","modified_gmt":"2023-10-10T16:52:48","slug":"actualites","status":"publish","type":"page","link":"https:\/\/ref-avocats.com\/en\/actualites\/","title":{"rendered":"Actualites"},"content":{"rendered":"","protected":false},"excerpt":{"rendered":"","protected":false},"author":2,"featured_media":0,"parent":0,"menu_order":0,"comment_status":"closed","ping_status":"closed","template":"actualites.php","meta":{"_monsterinsights_skip_tracking":false,"_monsterinsights_sitenote_active":false,"_monsterinsights_sitenote_note":"","_monsterinsights_sitenote_category":0,"footnotes":""},"class_list":["post-218","page","type-page","status-publish","hentry"],"acf":[],"yoast_head":"<!-- This site is optimized with the Yoast SEO plugin v21.3 - https:\/\/yoast.com\/wordpress\/plugins\/seo\/ -->\n<title>Actualites | Rondot Eych\u00e8ne Fr\u00e9minville<\/title>\n<meta name=\"robots\" content=\"index, follow, max-snippet:-1, max-image-preview:large, max-video-preview:-1\" \/>\n<link rel=\"canonical\" href=\"https:\/\/ref-avocats.com\/en\/actualites\/\" \/>\n<meta property=\"og:locale\" content=\"en_US\" \/>\n<meta property=\"og:type\" content=\"article\" \/>\n<meta property=\"og:title\" content=\"Actualites | Rondot Eych\u00e8ne Fr\u00e9minville\" \/>\n<meta property=\"og:url\" content=\"https:\/\/ref-avocats.com\/en\/actualites\/\" \/>\n<meta property=\"og:site_name\" content=\"Rondot Eych\u00e8ne Fr\u00e9minville\" \/>\n<meta property=\"article:modified_time\" content=\"2023-10-10T16:52:48+00:00\" \/>\n<meta name=\"twitter:card\" content=\"summary_large_image\" \/>\n<script type=\"application\/ld+json\" class=\"yoast-schema-graph\">{\"@context\":\"https:\/\/schema.org\",\"@graph\":[{\"@type\":\"WebPage\",\"@id\":\"https:\/\/ref-avocats.com\/en\/actualites\/\",\"url\":\"https:\/\/ref-avocats.com\/en\/actualites\/\",\"name\":\"Actualites | Rondot Eych\u00e8ne Fr\u00e9minville\",\"isPartOf\":{\"@id\":\"https:\/\/ref-avocats.com\/en\/#website\"},\"datePublished\":\"2020-02-29T18:30:36+00:00\",\"dateModified\":\"2023-10-10T16:52:48+00:00\",\"breadcrumb\":{\"@id\":\"https:\/\/ref-avocats.com\/en\/actualites\/#breadcrumb\"},\"inLanguage\":\"en-US\",\"potentialAction\":[{\"@type\":\"ReadAction\",\"target\":[\"https:\/\/ref-avocats.com\/en\/actualites\/\"]}]},{\"@type\":\"BreadcrumbList\",\"@id\":\"https:\/\/ref-avocats.com\/en\/actualites\/#breadcrumb\",\"itemListElement\":[{\"@type\":\"ListItem\",\"position\":1,\"name\":\"Accueil\",\"item\":\"https:\/\/ref-avocats.com\/en\/\"},{\"@type\":\"ListItem\",\"position\":2,\"name\":\"Actualites\"}]},{\"@type\":\"WebSite\",\"@id\":\"https:\/\/ref-avocats.com\/en\/#website\",\"url\":\"https:\/\/ref-avocats.com\/en\/\",\"name\":\"Rondot Eych\u00e8ne Fr\u00e9minville\",\"description\":\"Avocats ind\u00e9pendants en contentieux des affaires\",\"potentialAction\":[{\"@type\":\"SearchAction\",\"target\":{\"@type\":\"EntryPoint\",\"urlTemplate\":\"https:\/\/ref-avocats.com\/en\/?s={search_term_string}\"},\"query-input\":\"required name=search_term_string\"}],\"inLanguage\":\"en-US\"}]}<\/script>\n<!-- \/ Yoast SEO plugin. -->","yoast_head_json":{"title":"Actualites | Rondot Eych\u00e8ne Fr\u00e9minville","robots":{"index":"index","follow":"follow","max-snippet":"max-snippet:-1","max-image-preview":"max-image-preview:large","max-video-preview":"max-video-preview:-1"},"canonical":"https:\/\/ref-avocats.com\/en\/actualites\/","og_locale":"en_US","og_type":"article","og_title":"Actualites | Rondot Eych\u00e8ne Fr\u00e9minville","og_url":"https:\/\/ref-avocats.com\/en\/actualites\/","og_site_name":"Rondot Eych\u00e8ne Fr\u00e9minville","article_modified_time":"2023-10-10T16:52:48+00:00","twitter_card":"summary_large_image","schema":{"@context":"https:\/\/schema.org","@graph":[{"@type":"WebPage","@id":"https:\/\/ref-avocats.com\/en\/actualites\/","url":"https:\/\/ref-avocats.com\/en\/actualites\/","name":"Actualites | Rondot Eych\u00e8ne Fr\u00e9minville","isPartOf":{"@id":"https:\/\/ref-avocats.com\/en\/#website"},"datePublished":"2020-02-29T18:30:36+00:00","dateModified":"2023-10-10T16:52:48+00:00","breadcrumb":{"@id":"https:\/\/ref-avocats.com\/en\/actualites\/#breadcrumb"},"inLanguage":"en-US","potentialAction":[{"@type":"ReadAction","target":["https:\/\/ref-avocats.com\/en\/actualites\/"]}]},{"@type":"BreadcrumbList","@id":"https:\/\/ref-avocats.com\/en\/actualites\/#breadcrumb","itemListElement":[{"@type":"ListItem","position":1,"name":"Accueil","item":"https:\/\/ref-avocats.com\/en\/"},{"@type":"ListItem","position":2,"name":"Actualites"}]},{"@type":"WebSite","@id":"https:\/\/ref-avocats.com\/en\/#website","url":"https:\/\/ref-avocats.com\/en\/","name":"Rondot Eych\u00e8ne Fr\u00e9minville","description":"Avocats ind\u00e9pendants en contentieux des affaires","potentialAction":[{"@type":"SearchAction","target":{"@type":"EntryPoint","urlTemplate":"https:\/\/ref-avocats.com\/en\/?s={search_term_string}"},"query-input":"required name=search_term_string"}],"inLanguage":"en-US"}]}},"_links":{"self":[{"href":"https:\/\/ref-avocats.com\/en\/wp-json\/wp\/v2\/pages\/218","targetHints":{"allow":["GET"]}}],"collection":[{"href":"https:\/\/ref-avocats.com\/en\/wp-json\/wp\/v2\/pages"}],"about":[{"href":"https:\/\/ref-avocats.com\/en\/wp-json\/wp\/v2\/types\/page"}],"author":[{"embeddable":true,"href":"https:\/\/ref-avocats.com\/en\/wp-json\/wp\/v2\/users\/2"}],"replies":[{"embeddable":true,"href":"https:\/\/ref-avocats.com\/en\/wp-json\/wp\/v2\/comments?post=218"}],"version-history":[{"count":1,"href":"https:\/\/ref-avocats.com\/en\/wp-json\/wp\/v2\/pages\/218\/revisions"}],"predecessor-version":[{"id":350,"href":"https:\/\/ref-avocats.com\/en\/wp-json\/wp\/v2\/pages\/218\/revisions\/350"}],"wp:attachment":[{"href":"https:\/\/ref-avocats.com\/en\/wp-json\/wp\/v2\/media?parent=218"}],"curies":[{"name":"wp","href":"https:\/\/api.w.org\/{rel}","templated":true}]}}